{"id":1904,"date":"2023-03-21T05:48:47","date_gmt":"2023-03-21T05:48:47","guid":{"rendered":"https:\/\/umami-bellaterra.com\/avis-legal\/"},"modified":"2023-03-23T08:09:55","modified_gmt":"2023-03-23T08:09:55","slug":"aviso-legal","status":"publish","type":"page","link":"https:\/\/umami-bellaterra.com\/es\/aviso-legal\/","title":{"rendered":"Aviso Legal"},"content":{"rendered":"<section class=\"wpb-content-wrapper\"><p>[vc_row][vc_column][vc_column_text]<\/p>\n<p>&nbsp;<\/p>\n<h2>I. INFORMACI\u00d3N GENERAL<\/h2>\n<p>&nbsp;<\/p>\n<p>En cumplimiento con el deber de informaci\u00f3n dispuesto en la Ley 34\/2002 de Servicios de la Sociedad de la Informaci\u00f3n y el Comercio Electr\u00f3nico (LSSI-CE) de 11 de julio, se facilitan a continuaci\u00f3n los siguientes datos de informaci\u00f3n general del mismo sitio web :<\/p>\n<p>Datos de contacto:<\/p>\n<p>Direcci\u00f3n: av. Josep M Marcet, 3, 08193 Cerdanyola del Vall\u00e8s, Barcelona 08193 \u2013 Bellaterra<\/p>\n<p>Tel\u00e9fono de contacto: 936 922 095<\/p>\n<p>Email de contacto: reservas@umami-bellaterra.com<\/p>\n<p>&nbsp;<\/p>\n<h2>II. T\u00c9RMINOS Y CONDICIONES GENERALES DE USO<\/h2>\n<p>&nbsp;<\/p>\n<p><strong>El objeto de las condiciones: El Sitio Web<\/strong><br \/>\nEl objeto de estas Condiciones Generales de Uso (en adelante, Condiciones) es regular el acceso y la utilizaci\u00f3n del Sitio Web. A efectos de las presentes Condiciones se entender\u00e1 como Sitio Web: la apariencia externa de las interfaces de pantalla, tanto de forma est\u00e1tica como de forma din\u00e1mica, es decir, el \u00e1rbol de navegaci\u00f3n; y todos los elementos integrados tanto en las interfaces de pantalla como en el \u00e1rbol de navegaci\u00f3n (en adelante, Contenidos) y todos aquellos servicios o recursos online que en su caso ofrezca a los Usuarios (en adelante, Servicios).<\/p>\n<p>UMAMI Gastrobar se reserva la facultad de modificar, en cualquier momento, y sin previo aviso, la presentaci\u00f3n y configuraci\u00f3n del Sitio Web y de los Contenidos y Servicios que pudieran estar incorporados. El Usuario reconoce y acepta que en cualquier momento UMAMI Gastrobar pueda interrumpir, desactivar y\/o cancelar cualquiera de estos elementos que se integran en el Sitio Web o acceder a ellos.<\/p>\n<p>El acceso al Sitio Web por el Usuario tiene car\u00e1cter libre y, por regla general, es gratuito sin que el Usuario deba proporcionar una contraprestaci\u00f3n para poder disfrutarlo, salvo el coste de conexi\u00f3n a trav\u00e9s de la red de telecomunicaciones suministrada por el proveedor de acceso que haya contratado el usuario.<\/p>\n<p>La utilizaci\u00f3n de los contenidos no requiere previa suscripci\u00f3n o registro.<\/p>\n<p>&nbsp;<\/p>\n<p><strong>El Usuario<\/strong><\/p>\n<p>El acceso, navegaci\u00f3n y uso del Sitio Web, confiere la condici\u00f3n de Usuario, por lo que se aceptan, desde que se inicia la navegaci\u00f3n por el Sitio Web, todas las Condiciones aqu\u00ed establecidas, as\u00ed como las modificaciones ulteriores, sin perjuicio de la aplicaci\u00f3n de la correspondiente normativa legal de obligado cumplimiento seg\u00fan el caso. Dada la relevancia de lo anterior, se recomienda al Usuario leerlas cada vez que visite el Sitio Web.<\/p>\n<p>El sitio web de UMAMI Gastrobar proporciona una gran diversidad de informaci\u00f3n, servicios y datos. El Usuario asume su responsabilidad por hacer un uso correcto del Sitio Web. Esta responsabilidad se extender\u00e1 a:<\/p>\n<ul>\n<li>Un uso de la informaci\u00f3n, contenidos y\/o servicios y datos ofrecidos por UMAMI Gastrobar sin que sea contrario a lo dispuesto en estas Condiciones, la Ley, la moral o el orden p\u00fablico, o que de cualquier otra manera puedan suponer lesi\u00f3n de los derechos de terceros o del propio funcionamiento del Sitio Web.<\/li>\n<li>La veracidad y licitud de las informaciones aportadas por el Usuario a los formularios extendidos por UMAMI Gastrobar para el acceso a ciertos Contenidos o Servicios ofrecidos por el Sitio Web. En cualquier caso, el Usuario notificar\u00e1 de forma inmediata a UMAMI Gastrobar sobre cualquier hecho que permita el uso indebido de la informaci\u00f3n registrada en estos formularios, tales como, pero no s\u00f3lo, el robo, la p\u00e9rdida, o el acceso no autorizado a identificadores y\/o contrase\u00f1as, a fin de proceder a su inmediata cancelaci\u00f3n.<br \/>\nEl mero acceso a este Sitio Web no supone entablar ning\u00fan tipo de relaci\u00f3n de car\u00e1cter comercial entre UMAMI Gastrobar y el Usuario.<\/li>\n<\/ul>\n<p>Siempre en el respeto de la legislaci\u00f3n vigente, este Sitio Web de UMAMI Gastrobar se dirige a todas las personas, sin importar su edad, que puedan acceder y\/o navegar por las p\u00e1ginas del Sitio Web.<\/p>\n<p>&nbsp;<\/p>\n<h2>III. ACCESO Y NAVEGACI\u00d3N AL SITIO WEB: EXCLUSI\u00d3N DE GARANT\u00cdAS Y RESPONSABILIDAD<\/h2>\n<p>&nbsp;<\/p>\n<p>UMAMI Gastrobar no garantiza la continuidad, disponibilidad y utilidad del Sitio Web, ni de los Contenidos o Servicios. UMAMI Gastrobar har\u00e1 todo lo posible por el buen funcionamiento del Sitio Web, sin embargo, no se responsabiliza ni garantiza que el acceso a este Sitio Web no sea ininterrumpido o que est\u00e9 libre de error.<\/p>\n<p>Tampoco se responsabiliza o garantiza que el contenido o software al que se pueda acceder a trav\u00e9s de este Sitio Web, est\u00e9 libre de error o cause un da\u00f1o al sistema inform\u00e1tico (software y hardware) del Usuario. En ning\u00fan caso UMAMI Gastrobar ser\u00e1 responsable por las p\u00e9rdidas, da\u00f1os o perjuicios de cualquier tipo que surjan por el acceso, navegaci\u00f3n y uso del Sitio Web, incluy\u00e9ndose, pero no limit\u00e1ndose, a los ocasionados en los sistemas inform\u00e1ticos o los provocados por la introducci\u00f3n de virus.<\/p>\n<p>UMAMI Gastrobar tampoco se hace responsable de los da\u00f1os que pudieran ocasionarse a los usuarios por un uso inadecuado de este Sitio Web. En particular, no se hace responsable en modo alguno de las ca\u00eddas, interrupciones, falta o defecto de las telecomunicaciones que pudieran ocurrir.<\/p>\n<p>&nbsp;<\/p>\n<h2>IV. POL\u00cdTICA DE ENLACES<\/h2>\n<p>&nbsp;<\/p>\n<p>UMAMI Gastrobar no ofrece ni comercializa por s\u00ed ni por medio de terceros los productos y\/o servicios disponibles en estos sitios enlazados.<\/p>\n<p>El Usuario o tercero que haga un hiperenlace desde una p\u00e1gina web de otro, diferente, sitio web en el Sitio Web de UMAMI Gastrobar deber\u00e1 saber que:<\/p>\n<p>No se permite la reproducci\u00f3n -total o parcialmente- de ninguno de los Contenidos y\/o Servicios del Sitio Web sin autorizaci\u00f3n expresa de UMAMI Gastrobar.<\/p>\n<p>No se permite tampoco ninguna manifestaci\u00f3n falsa, inexacta o incorrecta sobre el Sitio Web de UMAMI Gastrobar, ni sobre sus Contenidos y\/o Servicios.<\/p>\n<p>A excepci\u00f3n del hiperenlace, el sitio web donde se establezca este hiperenlace no contendr\u00e1 ning\u00fan elemento, de este Sitio Web, protegido como propiedad intelectual por el ordenamiento jur\u00eddico espa\u00f1ol, salvo autorizaci\u00f3n expresa de UMAMI Gastrobar .<\/p>\n<p>El establecimiento del hiperenlace no implicar\u00e1 la existencia de relaciones entre UMAMI Gastrobar y el titular del sitio web desde el que se realice, ni el conocimiento y la aceptaci\u00f3n de UMAMI Gastrobar de los contenidos, servicios y\/o actividades ofrecidos en este sitio web, y viceversa.<\/p>\n<p>&nbsp;<\/p>\n<h2>V. PROPIEDAD INTELECTUAL E INDUSTRIAL<\/h2>\n<p>&nbsp;<\/p>\n<p>UMAMI Gastrobar por s\u00ed o como parte cesionaria, es titular de todos los derechos de propiedad intelectual e industrial del Sitio Web, as\u00ed como de los elementos contenidos en \u00e9ste (a t\u00edtulo enunciativo y no exhaustivo, im\u00e1genes, sonido, audio, v\u00eddeo, software o textos, marcas o logotipos, combinaciones de colores, estructura y dise\u00f1o, selecci\u00f3n de materiales usados, programas de ordenador necesarios para su funcionamiento, acceso y uso, etc.). Ser\u00e1n, por tanto, obras protegidas como propiedad intelectual por el ordenamiento jur\u00eddico espa\u00f1ol, y les ser\u00e1n de aplicaci\u00f3n tanto la normativa espa\u00f1ola y comunitaria en este campo, como los tratados internacionales relativos a la materia y suscritos por Espa\u00f1a.<\/p>\n<p>Todos los derechos reservados. En virtud de lo dispuesto en la Ley de propiedad intelectual, quedan expresamente prohibidas la reproducci\u00f3n, distribuci\u00f3n y comunicaci\u00f3n p\u00fablica, incluida su modalidad de puesta a disposici\u00f3n, de la totalidad o parte de los contenidos de esta p\u00e1gina web, con fines comerciales, en cualquier soporte y por cualquier medio t\u00e9cnico, sin la autorizaci\u00f3n de UMAMI Gastrobar.<\/p>\n<p>El usuario se compromete a respetar los derechos de propiedad intelectual e industrial de UMAMI Gastrobar. Podr\u00e1 visualizar los elementos del Sitio Web o incluso imprimirlos, copiarlos y almacenarlos en el disco duro de su ordenador o en cualquier otro soporte f\u00edsico siempre que sea, exclusivamente, para su uso personal. Sin embargo, el Usuario no podr\u00e1 suprimir, alterar, o manipular cualquier dispositivo de protecci\u00f3n o sistema de seguridad que estuviera instalado en el Sitio Web.<\/p>\n<p>En caso de que el Usuario o tercero considere que cualquiera de los Contenidos del Sitio Web suponga una violaci\u00f3n de los derechos de protecci\u00f3n de la propiedad intelectual, deber\u00e1 comunicarlo inmediatamente a UMAMI Gastrobar a trav\u00e9s de los datos de contacto del apartado d INFORMACI\u00d3N GENERAL de este Aviso Legal y Condiciones Generales de Uso.<\/p>\n<p>&nbsp;<\/p>\n<h2>VI. ACCIONES LEGALES, LEGISLACI\u00d3N APLICABLE Y JURISDICCI\u00d3N<\/h2>\n<p>&nbsp;<\/p>\n<p>UMAMI Gastrobar se reserva la facultad de presentar las acciones civiles o penales que considere necesarias por la utilizaci\u00f3n indebida del Sitio Web y Contenidos, o por el incumplimiento de las presentes Condiciones.<\/p>\n<p>La relaci\u00f3n entre el Usuario y UMAMI Gastrobar se regir\u00e1 por la normativa vigente y aplicable al territorio espa\u00f1ol. Si surge cualquier controversia en relaci\u00f3n con la interpretaci\u00f3n y\/o aplicaci\u00f3n de estas Condiciones, las partes someter\u00e1n sus conflictos a la jurisdicci\u00f3n ordinaria someti\u00e9ndose a los jueces y tribunales que correspondan de acuerdo con el derecho.[\/vc_column_text][\/vc_column][\/vc_row]<\/p>\n<\/section>","protected":false},"excerpt":{"rendered":"<p>[vc_row][vc_column][vc_column_text] &nbsp; I. INFORMACI\u00d3N GENERAL &nbsp; En cumplimiento con el deber de informaci\u00f3n dispuesto en la Ley 34\/2002 de Servicios de la Sociedad de la Informaci\u00f3n y el Comercio Electr\u00f3nico (LSSI-CE) de 11 de julio, se facilitan a continuaci\u00f3n los siguientes datos de informaci\u00f3n general del mismo sitio web : Datos de contacto: Direcci\u00f3n: av.&hellip;<\/p>\n","protected":false},"author":5,"featured_media":0,"parent":0,"menu_order":0,"comment_status":"closed","ping_status":"closed","template":"","meta":{"_joinchat":[]},"yoast_head":"<!-- This site is optimized with the Yoast SEO plugin v20.3 - https:\/\/yoast.com\/wordpress\/plugins\/seo\/ -->\n<title>Aviso Legal | Restaurante Umami Bellaterra<\/title>\n<meta name=\"description\" content=\"En cumplimiento con el deber de informaci\u00f3n dispuesto en la Ley 34\/2002 de Servicios de la Sociedad de la Informaci\u00f3n y el Comercio Electr\u00f3nico (LSSI-CE) de 11 de julio, se facilitan a continuaci\u00f3n los siguientes datos de informaci\u00f3n general del mismo sitio web\" \/>\n<meta name=\"robots\" content=\"index, follow, max-snippet:-1, max-image-preview:large, max-video-preview:-1\" \/>\n<link rel=\"canonical\" href=\"https:\/\/umami-bellaterra.com\/es\/aviso-legal\/\" \/>\n<meta property=\"og:locale\" content=\"es_ES\" \/>\n<meta property=\"og:type\" content=\"article\" \/>\n<meta property=\"og:title\" content=\"Aviso Legal | Restaurante Umami Bellaterra\" \/>\n<meta property=\"og:description\" content=\"En cumplimiento con el deber de informaci\u00f3n dispuesto en la Ley 34\/2002 de Servicios de la Sociedad de la Informaci\u00f3n y el Comercio Electr\u00f3nico (LSSI-CE) de 11 de julio, se facilitan a continuaci\u00f3n los siguientes datos de informaci\u00f3n general del mismo sitio web\" \/>\n<meta property=\"og:url\" content=\"https:\/\/umami-bellaterra.com\/es\/aviso-legal\/\" \/>\n<meta property=\"og:site_name\" content=\"Restaurant - Umami - Bellaterra\" \/>\n<meta property=\"article:publisher\" content=\"https:\/\/m.facebook.com\/people\/Umami-Bellaterra\/100068446772948\/\" \/>\n<meta property=\"article:modified_time\" content=\"2023-03-23T08:09:55+00:00\" \/>\n<meta name=\"twitter:card\" content=\"summary_large_image\" \/>\n<meta name=\"twitter:label1\" content=\"Tiempo de lectura\" \/>\n\t<meta name=\"twitter:data1\" content=\"8 minutos\" \/>\n<script type=\"application\/ld+json\" class=\"yoast-schema-graph\">{\"@context\":\"https:\/\/schema.org\",\"@graph\":[{\"@type\":\"WebPage\",\"@id\":\"https:\/\/umami-bellaterra.com\/es\/aviso-legal\/\",\"url\":\"https:\/\/umami-bellaterra.com\/es\/aviso-legal\/\",\"name\":\"Aviso Legal | Restaurante Umami Bellaterra\",\"isPartOf\":{\"@id\":\"https:\/\/umami-bellaterra.com\/#website\"},\"datePublished\":\"2023-03-21T05:48:47+00:00\",\"dateModified\":\"2023-03-23T08:09:55+00:00\",\"description\":\"En cumplimiento con el deber de informaci\u00f3n dispuesto en la Ley 34\/2002 de Servicios de la Sociedad de la Informaci\u00f3n y el Comercio Electr\u00f3nico (LSSI-CE) de 11 de julio, se facilitan a continuaci\u00f3n los siguientes datos de informaci\u00f3n general del mismo sitio web\",\"breadcrumb\":{\"@id\":\"https:\/\/umami-bellaterra.com\/es\/aviso-legal\/#breadcrumb\"},\"inLanguage\":\"es\",\"potentialAction\":[{\"@type\":\"ReadAction\",\"target\":[\"https:\/\/umami-bellaterra.com\/es\/aviso-legal\/\"]}]},{\"@type\":\"BreadcrumbList\",\"@id\":\"https:\/\/umami-bellaterra.com\/es\/aviso-legal\/#breadcrumb\",\"itemListElement\":[{\"@type\":\"ListItem\",\"position\":1,\"name\":\"Inici\",\"item\":\"https:\/\/umami-bellaterra.com\/es\/\"},{\"@type\":\"ListItem\",\"position\":2,\"name\":\"Aviso Legal\"}]},{\"@type\":\"WebSite\",\"@id\":\"https:\/\/umami-bellaterra.com\/#website\",\"url\":\"https:\/\/umami-bellaterra.com\/\",\"name\":\"Umami Gastrobar | Restaurant Umami Bellaterra\",\"description\":\"Restaurante - Umami - Bellaterra - Gastrobar\",\"publisher\":{\"@id\":\"https:\/\/umami-bellaterra.com\/#organization\"},\"potentialAction\":[{\"@type\":\"SearchAction\",\"target\":{\"@type\":\"EntryPoint\",\"urlTemplate\":\"https:\/\/umami-bellaterra.com\/?s={search_term_string}\"},\"query-input\":\"required name=search_term_string\"}],\"inLanguage\":\"es\"},{\"@type\":\"Organization\",\"@id\":\"https:\/\/umami-bellaterra.com\/#organization\",\"name\":\"Umami Gastrobar\",\"url\":\"https:\/\/umami-bellaterra.com\/\",\"logo\":{\"@type\":\"ImageObject\",\"inLanguage\":\"es\",\"@id\":\"https:\/\/umami-bellaterra.com\/#\/schema\/logo\/image\/\",\"url\":\"https:\/\/umami-bellaterra.com\/wp-content\/uploads\/2021\/04\/umami-logo-512.gif\",\"contentUrl\":\"https:\/\/umami-bellaterra.com\/wp-content\/uploads\/2021\/04\/umami-logo-512.gif\",\"width\":512,\"height\":492,\"caption\":\"Umami Gastrobar\"},\"image\":{\"@id\":\"https:\/\/umami-bellaterra.com\/#\/schema\/logo\/image\/\"},\"sameAs\":[\"https:\/\/m.facebook.com\/people\/Umami-Bellaterra\/100068446772948\/\",\"https:\/\/www.instagram.com\/umamibellaterra\"]}]}<\/script>\n<!-- \/ Yoast SEO plugin. -->","yoast_head_json":{"title":"Aviso Legal | Restaurante Umami Bellaterra","description":"En cumplimiento con el deber de informaci\u00f3n dispuesto en la Ley 34\/2002 de Servicios de la Sociedad de la Informaci\u00f3n y el Comercio Electr\u00f3nico (LSSI-CE) de 11 de julio, se facilitan a continuaci\u00f3n los siguientes datos de informaci\u00f3n general del mismo sitio web","robots":{"index":"index","follow":"follow","max-snippet":"max-snippet:-1","max-image-preview":"max-image-preview:large","max-video-preview":"max-video-preview:-1"},"canonical":"https:\/\/umami-bellaterra.com\/es\/aviso-legal\/","og_locale":"es_ES","og_type":"article","og_title":"Aviso Legal | Restaurante Umami Bellaterra","og_description":"En cumplimiento con el deber de informaci\u00f3n dispuesto en la Ley 34\/2002 de Servicios de la Sociedad de la Informaci\u00f3n y el Comercio Electr\u00f3nico (LSSI-CE) de 11 de julio, se facilitan a continuaci\u00f3n los siguientes datos de informaci\u00f3n general del mismo sitio web","og_url":"https:\/\/umami-bellaterra.com\/es\/aviso-legal\/","og_site_name":"Restaurant - Umami - Bellaterra","article_publisher":"https:\/\/m.facebook.com\/people\/Umami-Bellaterra\/100068446772948\/","article_modified_time":"2023-03-23T08:09:55+00:00","twitter_card":"summary_large_image","twitter_misc":{"Tiempo de lectura":"8 minutos"},"schema":{"@context":"https:\/\/schema.org","@graph":[{"@type":"WebPage","@id":"https:\/\/umami-bellaterra.com\/es\/aviso-legal\/","url":"https:\/\/umami-bellaterra.com\/es\/aviso-legal\/","name":"Aviso Legal | Restaurante Umami Bellaterra","isPartOf":{"@id":"https:\/\/umami-bellaterra.com\/#website"},"datePublished":"2023-03-21T05:48:47+00:00","dateModified":"2023-03-23T08:09:55+00:00","description":"En cumplimiento con el deber de informaci\u00f3n dispuesto en la Ley 34\/2002 de Servicios de la Sociedad de la Informaci\u00f3n y el Comercio Electr\u00f3nico (LSSI-CE) de 11 de julio, se facilitan a continuaci\u00f3n los siguientes datos de informaci\u00f3n general del mismo sitio web","breadcrumb":{"@id":"https:\/\/umami-bellaterra.com\/es\/aviso-legal\/#breadcrumb"},"inLanguage":"es","potentialAction":[{"@type":"ReadAction","target":["https:\/\/umami-bellaterra.com\/es\/aviso-legal\/"]}]},{"@type":"BreadcrumbList","@id":"https:\/\/umami-bellaterra.com\/es\/aviso-legal\/#breadcrumb","itemListElement":[{"@type":"ListItem","position":1,"name":"Inici","item":"https:\/\/umami-bellaterra.com\/es\/"},{"@type":"ListItem","position":2,"name":"Aviso Legal"}]},{"@type":"WebSite","@id":"https:\/\/umami-bellaterra.com\/#website","url":"https:\/\/umami-bellaterra.com\/","name":"Umami Gastrobar | Restaurant Umami Bellaterra","description":"Restaurante - Umami - Bellaterra - Gastrobar","publisher":{"@id":"https:\/\/umami-bellaterra.com\/#organization"},"potentialAction":[{"@type":"SearchAction","target":{"@type":"EntryPoint","urlTemplate":"https:\/\/umami-bellaterra.com\/?s={search_term_string}"},"query-input":"required name=search_term_string"}],"inLanguage":"es"},{"@type":"Organization","@id":"https:\/\/umami-bellaterra.com\/#organization","name":"Umami Gastrobar","url":"https:\/\/umami-bellaterra.com\/","logo":{"@type":"ImageObject","inLanguage":"es","@id":"https:\/\/umami-bellaterra.com\/#\/schema\/logo\/image\/","url":"https:\/\/umami-bellaterra.com\/wp-content\/uploads\/2021\/04\/umami-logo-512.gif","contentUrl":"https:\/\/umami-bellaterra.com\/wp-content\/uploads\/2021\/04\/umami-logo-512.gif","width":512,"height":492,"caption":"Umami Gastrobar"},"image":{"@id":"https:\/\/umami-bellaterra.com\/#\/schema\/logo\/image\/"},"sameAs":["https:\/\/m.facebook.com\/people\/Umami-Bellaterra\/100068446772948\/","https:\/\/www.instagram.com\/umamibellaterra"]}]}},"_links":{"self":[{"href":"https:\/\/umami-bellaterra.com\/es\/wp-json\/wp\/v2\/pages\/1904"}],"collection":[{"href":"https:\/\/umami-bellaterra.com\/es\/wp-json\/wp\/v2\/pages"}],"about":[{"href":"https:\/\/umami-bellaterra.com\/es\/wp-json\/wp\/v2\/types\/page"}],"author":[{"embeddable":true,"href":"https:\/\/umami-bellaterra.com\/es\/wp-json\/wp\/v2\/users\/5"}],"replies":[{"embeddable":true,"href":"https:\/\/umami-bellaterra.com\/es\/wp-json\/wp\/v2\/comments?post=1904"}],"version-history":[{"count":3,"href":"https:\/\/umami-bellaterra.com\/es\/wp-json\/wp\/v2\/pages\/1904\/revisions"}],"predecessor-version":[{"id":1909,"href":"https:\/\/umami-bellaterra.com\/es\/wp-json\/wp\/v2\/pages\/1904\/revisions\/1909"}],"wp:attachment":[{"href":"https:\/\/umami-bellaterra.com\/es\/wp-json\/wp\/v2\/media?parent=1904"}],"curies":[{"name":"wp","href":"https:\/\/api.w.org\/{rel}","templated":true}]}}