{"id":1896,"date":"2023-03-21T05:57:28","date_gmt":"2023-03-21T05:57:28","guid":{"rendered":"https:\/\/umami-bellaterra.com\/politica-de-cookies\/"},"modified":"2023-03-23T08:12:37","modified_gmt":"2023-03-23T08:12:37","slug":"politica-de-cookies","status":"publish","type":"page","link":"https:\/\/umami-bellaterra.com\/es\/politica-de-cookies\/","title":{"rendered":"Pol\u00edtica de Cookies"},"content":{"rendered":"<section class=\"wpb-content-wrapper\"><p>[vc_row][vc_column][vc_column_text]En esta web se utilizan cookies de terceros y propias para conseguir que tengas una mejor experiencia de navegaci\u00f3n, puedas compartir contenido en redes sociales y para que podamos obtener estad\u00edsticas de los usuarios.<\/p>\n<p>Puedes evitar la descarga de cookies a trav\u00e9s de la configuraci\u00f3n de tu navegador, evitando que las cookies se almacenen en su dispositivo.<\/p>\n<p>Como propietario de este sitio web, le comunico que no utilizamos ninguna informaci\u00f3n personal procedente de cookies, s\u00f3lo realizamos estad\u00edsticas generales de visitas que no suponen ninguna informaci\u00f3n personal.<\/p>\n<p>Es muy importante que leas esta pol\u00edtica de cookies y comprendas que, si continuas navegando, consideraremos que aceptas su uso.<\/p>\n<p>Seg\u00fan los t\u00e9rminos incluidos en el art\u00edculo 22.2 de la Ley 34\/2002 de Servicios de la Sociedad de la Informaci\u00f3n y Comercio Electr\u00f3nico, si contin\u00faas navegando, estar\u00e1s prestando tu consentimiento para el uso de dichos mecanismos.<\/p>\n<p>&nbsp;<\/p>\n<h2>Entidad Responsable<\/h2>\n<p>&nbsp;<\/p>\n<p>La entidad responsable de la recogida, procesamiento y utilizaci\u00f3n de tus datos personales, en el sentido establecido por la Ley de Protecci\u00f3n de Datos Personales, es la p\u00e1gina UMAMI Gastrobar, propiedad de Luis Sanchez Taule &#8211; av. Josep M Marcet, 3, 08193 Cerdanyola del Vall\u00e8s, Barcelona 08193 &#8211; Bellaterra.<\/p>\n<p>&nbsp;<\/p>\n<h2>\u00bfQu\u00e9 son las cookies?<\/h2>\n<p>&nbsp;<\/p>\n<p>Las cookies son un conjunto de datos que un servidor deposita en el navegador del usuario para recoger la informaci\u00f3n de registro est\u00e1ndar de Internet y la informaci\u00f3n del comportamiento de los visitantes en un sitio web. Es decir, se trata de peque\u00f1os archivos de texto que quedan almacenados en el disco duro del ordenador y que sirven para identificar al usuario cuando se conecta nuevamente al sitio web. El objetivo es registrar la visita del usuario y guardar cierta informaci\u00f3n. Su uso es com\u00fan y frecuente en la web ya que permite a las p\u00e1ginas funcionar de forma m\u00e1s eficiente y conseguir una mayor personalizaci\u00f3n y an\u00e1lisis sobre el comportamiento del usuario.<\/p>\n<p>&nbsp;<\/p>\n<h2>\u00bfQu\u00e9 tipos de cookies hay?<\/h2>\n<p>&nbsp;<\/p>\n<p>Las cookies utilizadas en nuestro sitio web, son de sesi\u00f3n y de terceros, y nos permiten almacenar y acceder a informaci\u00f3n relativa al idioma, el tipo de navegador utilizado y otras caracter\u00edsticas generales predefinidas por el usuario, as\u00ed como seguir y analizar el actividad que lleva a cabo, para introducir mejoras y prestar nuestros servicios de una forma m\u00e1s eficiente y personalizada.<\/p>\n<p>Las cookies, en funci\u00f3n de su permanencia, pueden dividirse en cookies de sesi\u00f3n o permanentes. Las que expiran cuando el usuario cierra el navegador. Las que expiran en funci\u00f3n de cu\u00e1ndo se cumpla el objetivo para lo que sirven (por ejemplo, para que el usuario se mantenga identificado en los servicios de Luis Sanchez Taule) o bien cuando se borran manualmente.<\/p>\n<p>Nombre Tipo Caducidad Finalidad Clase<br \/>\n__utma De Terceros (Google Analytics) 2 a\u00f1os Se usa para distinguir usuarios y sesiones. No Exenta<br \/>\n__utmb De Terceros (Google Analytics) 30 minutos Se usa para determinar nuevas sesiones o visitas No Exenta<br \/>\n__utmc De Terceros (Google Analytics) Al finalizar la sesi\u00f3n Se configura para su uso con Urchin No Exenta<br \/>\n__utmz De Terceros (Google Analytics) 6 meses Almacena el origen o campa\u00f1a que explica c\u00f3mo el usuario ha llegado hasta la p\u00e1gina web No Exenta<br \/>\nAdicionalmente, en funci\u00f3n de su objetivo, las cookies pueden clasificarse de la siguiente forma:<\/p>\n<p>&nbsp;<\/p>\n<h2>Cookies de rendimiento<\/h2>\n<p>&nbsp;<\/p>\n<p>Este tipo de Cookie recuerda sus preferencias para las herramientas que se encuentran en los servicios, por lo que no debe volver a configurar el servicio cada vez que visite. A modo de ejemplo, en esta tipolog\u00eda se incluyen: Configuraci\u00f3n de volumen de reproductores de v\u00eddeo o sonido. Las velocidades de transmisi\u00f3n de v\u00eddeo que sean compatibles con su navegador. Los objetos guardados en el \u201ccarrito de la compra\u201d en los servicios de e-commerce como tiendas.<\/p>\n<p>&nbsp;<\/p>\n<h2>Galetas de geo-localizaci\u00f3n<\/h2>\n<p>&nbsp;<\/p>\n<p>Estas cookies son utilizadas para averiguar en qu\u00e9 pa\u00eds se encuentra cuando se solicita un servicio. Esta cookie es totalmente an\u00f3nima, y s\u00f3lo se utiliza para ayudarle a orientar el contenido a su ubicaci\u00f3n.<\/p>\n<p>&nbsp;<\/p>\n<h2>Cookies de registro<\/h2>\n<p>&nbsp;<\/p>\n<p>Las cookies de registro se generan una vez que el usuario se ha registrado o posteriormente ha abierto la sesi\u00f3n, y se utilizan para identificarlo en los servicios con los siguientes objetivos:<\/p>\n<p>Mantener al usuario identificado de forma que, si cierra un servicio, el navegador o el ordenador y en otro momento u otro d\u00eda vuelva a entrar en este servicio, seguir\u00e1 identificado, facilitando as\u00ed su navegaci\u00f3n sin tener que volver a identificar os. Esta funcionalidad se puede suprimir si el usuario pulsa la funcionalidad [cerrar sesi\u00f3n], de forma que esta cookie se elimina y la pr\u00f3xima vez que entre en el servicio el usuario deber\u00e1 iniciar sesi\u00f3n para estar identificado.<\/p>\n<p>Compruebe si el usuario est\u00e1 autorizado para acceder a ciertos servicios, por ejemplo, para participar en un concurso.<\/p>\n<p>Adicionalmente, algunos servicios pueden utilizar conectores con redes sociales como Facebook o Twitter. Cuando el usuario se registra en un servicio con credenciales de una red social, autoriza a la red social a guardar una cookie persistente que recuerda su identidad y le garantiza acceso a los servicios hasta que expira. El usuario puede borrar esta cookie y revocar el acceso a los servicios mediante redes sociales actualizando sus preferencias en la red social que especifica.<\/p>\n<p>&nbsp;<\/p>\n<h2>Galetas de anal\u00edticas<\/h2>\n<p>&nbsp;<\/p>\n<p>Cada vez que un usuario visita un servicio, una herramienta de un proveedor externo genera una cookie anal\u00edtica en el ordenador del usuario. Esta cookie que s\u00f3lo se genera en la visita, servir\u00e1 en pr\u00f3ximas visitas a los servicios de Luis Sanchez Taule para identificar de forma an\u00f3nima al visitante. Los objetivos principales que se persiguen son:<\/p>\n<p>Permitir la identificaci\u00f3n an\u00f3nima de los usuarios navegantes a trav\u00e9s de la cookie (identifica navegadores y dispositivos, no personas) y, por tanto, la contabilizaci\u00f3n aproximada del n\u00famero de visitantes y su tendencia en el tiempo.<br \/>\nIdentificar de forma an\u00f3nima los contenidos m\u00e1s visitados y por tanto m\u00e1s atractivos para los usuarios. Saber si el usuario que est\u00e1 accediendo es nuevo o repite visita.<\/p>\n<p>Importante: Salvo que el usuario decida registrarse en un servicio de Luis Sanchez Taule, la cookie nunca ir\u00e1 asociada a ning\u00fan dato de car\u00e1cter personal que pueda identificarle. Estas cookies s\u00f3lo ser\u00e1n utilizadas con prop\u00f3sitos estad\u00edsticos que ayuden a la optimizaci\u00f3n de la experiencia de los usuarios en el sitio.<\/p>\n<p>&nbsp;<\/p>\n<h2>Cookies de publicidad<\/h2>\n<p>&nbsp;<\/p>\n<p>Este tipo de cookies permite ampliar la informaci\u00f3n de los anuncios mostrados a cada usuario an\u00f3nimo a los servicios de Luis Sanchez Taule. Entre otros, se almacena la duraci\u00f3n o la frecuencia de visualizaci\u00f3n de posiciones publicitarias, la interacci\u00f3n con \u00e9stas, o los patrones de navegaci\u00f3n y\/o comportamientos del usuario al ayudar a conformar un perfil de inter\u00e9s publicitario. De esta forma permiten ofrecer publicidad af\u00edn a los intereses del usuario.<\/p>\n<p>&nbsp;<\/p>\n<h2>Galetas publicitarias de terceros<\/h2>\n<p>&nbsp;<\/p>\n<p>Adem\u00e1s de la publicidad gestionada por las webs de Luis Sanchez Taule en sus servicios, las webs de Luis Sanchez Taule ofrecen a sus anunciantes la opci\u00f3n de servir anuncios a trav\u00e9s de terceros (\u201cAd-Servers\u201d). De esta forma, estos terceros pueden almacenar cookies enviadas desde los servicios de Luis Sanchez Taule procedentes de los navegadores de los usuarios, as\u00ed como acceder a los datos que se guardan.<\/p>\n<p>Las empresas que generan estas cookies tienen sus propias pol\u00edticas de privacidad. Actualmente, las webs de Luis Sanchez Taule utilizan la plataforma Doubleclick (Google) para gestionar estos servicios. Para m\u00e1s informaci\u00f3n, vaya a<\/p>\n<p>http:\/\/www.google.es\/policies\/privacy\/ads\/#toc-doubleclick y en http:\/\/www.google.es\/policies\/privacy\/ads\/.<\/p>\n<p>&nbsp;<\/p>\n<h2>\u00bfC\u00f3mo puedo desactivar las cookies en mi navegador?<\/h2>\n<p>&nbsp;<\/p>\n<p>Se pueden configurar los distintos navegadores para avisar al usuario de la recepci\u00f3n de cookies y, si se desea, impedir su instalaci\u00f3n en el equipo. Asimismo, el usuario puede revisar en su navegador qu\u00e9 cookies tiene instaladas y cu\u00e1l es el plazo de caducidad de las mismas, pudiendo eliminarlas.<\/p>\n<p>Para ampliar esta informaci\u00f3n consulte las instrucciones y manuales de su navegador:<\/p>\n<p>Para m\u00e1s informaci\u00f3n sobre la administraci\u00f3n de cookies en Google Chrome: https:\/\/support.google.com\/chrome\/answer\/95647?hl=es<\/p>\n<p>Para m\u00e1s informaci\u00f3n sobre la administraci\u00f3n de cookies en Internet Explorer: http:\/\/windows.microsoft.com\/es-es\/windows-vista\/cookies-frequently-asked-questions<\/p>\n<p>Para m\u00e1s informaci\u00f3n sobre la administraci\u00f3n de las cookies en Mozilla Firefox: http:\/\/support.mozilla.org\/es\/kb\/habilitar-y-deshabilitar-cookies-que-los-sitios-we<\/p>\n<p>Para m\u00e1s informaci\u00f3n sobre la administraci\u00f3n de las cookies en Safari: http:\/\/www.apple.com\/es\/privacy\/use-of-cookies\/<\/p>\n<p>Para m\u00e1s informaci\u00f3n sobre la administraci\u00f3n de las cookies en Opera: http:\/\/help.opera.com\/Windows\/11.50\/es-ES\/cookies.html<\/p>\n<p>Si desea dejar de ser seguido por Google Analytics visite: http:\/\/tools.google.com\/dlpage\/gaoptout<\/p>\n<p>&nbsp;<\/p>\n<h2>Para saber m\u00e1s sobre las cookies<\/h2>\n<p>&nbsp;<\/p>\n<p>Puede obtener m\u00e1s informaci\u00f3n sobre la publicidad online basada en el comportamiento y la privacidad online en el siguiente enlace: http:\/\/www.youronlinechoices.com\/es\/<\/p>\n<p>Protecci\u00f3n de datos de Google Analytics: http:\/\/www.google.com\/analytics\/learn\/privacy.html<\/p>\n<p>C\u00f3mo utiliza Google Analytics las cookies: https:\/\/developers.google.com\/analytics\/devguides\/collection\/analyticsjs\/cookie-usage?hl=es#analyticsjs<\/p>\n<p>&nbsp;<\/p>\n<h2>Actualizaciones y cambios en la pol\u00edtica de privacidad\/cookies<\/h2>\n<p>&nbsp;<\/p>\n<p>Las webs de Luis Sanchez Taule pueden modificar esta Pol\u00edtica de Cookies en funci\u00f3n de exigencias legislativas, reglamentarias, o con el fin de adaptar esta pol\u00edtica a las instrucciones dictadas por la Agencia Espa\u00f1ola de Protecci\u00f3n de Datos, por eso se aconseja a las usuarios que la visiten peri\u00f3dicamente.<\/p>\n<p>Cuando se produzcan cambios significativos en \u00e9stas en Pol\u00edtica de Cookies, \u00e9stos se comunicar\u00e1n los usuarios bien mediante la web oa trav\u00e9s de correo electr\u00f3nico a los usuarios registrados.[\/vc_column_text][\/vc_column][\/vc_row]<\/p>\n<\/section>","protected":false},"excerpt":{"rendered":"<p>[vc_row][vc_column][vc_column_text]En esta web se utilizan cookies de terceros y propias para conseguir que tengas una mejor experiencia de navegaci\u00f3n, puedas compartir contenido en redes sociales y para que podamos obtener estad\u00edsticas de los usuarios. Puedes evitar la descarga de cookies a trav\u00e9s de la configuraci\u00f3n de tu navegador, evitando que las cookies se almacenen en&hellip;<\/p>\n","protected":false},"author":5,"featured_media":0,"parent":0,"menu_order":0,"comment_status":"closed","ping_status":"closed","template":"","meta":{"_joinchat":[]},"yoast_head":"<!-- This site is optimized with the Yoast SEO plugin v20.3 - https:\/\/yoast.com\/wordpress\/plugins\/seo\/ -->\n<title>Pol\u00edtica de Cookies | Restaurante Umami Bellaterra<\/title>\n<meta name=\"description\" content=\"En esta web se utilizan cookies de terceros y propias para conseguir que tengas una mejor experiencia de navegaci\u00f3n, puedas compartir contenido en redes sociales y para que podamos obtener estad\u00edsticas de los usuarios.\" \/>\n<meta name=\"robots\" content=\"index, follow, max-snippet:-1, max-image-preview:large, max-video-preview:-1\" \/>\n<link rel=\"canonical\" href=\"https:\/\/umami-bellaterra.com\/es\/politica-de-cookies\/\" \/>\n<meta property=\"og:locale\" content=\"es_ES\" \/>\n<meta property=\"og:type\" content=\"article\" \/>\n<meta property=\"og:title\" content=\"Pol\u00edtica de Cookies | Restaurante Umami Bellaterra\" \/>\n<meta property=\"og:description\" content=\"En esta web se utilizan cookies de terceros y propias para conseguir que tengas una mejor experiencia de navegaci\u00f3n, puedas compartir contenido en redes sociales y para que podamos obtener estad\u00edsticas de los usuarios.\" \/>\n<meta property=\"og:url\" content=\"https:\/\/umami-bellaterra.com\/es\/politica-de-cookies\/\" \/>\n<meta property=\"og:site_name\" content=\"Restaurant - Umami - Bellaterra\" \/>\n<meta property=\"article:publisher\" content=\"https:\/\/m.facebook.com\/people\/Umami-Bellaterra\/100068446772948\/\" \/>\n<meta property=\"article:modified_time\" content=\"2023-03-23T08:12:37+00:00\" \/>\n<meta name=\"twitter:card\" content=\"summary_large_image\" \/>\n<meta name=\"twitter:label1\" content=\"Tiempo de lectura\" \/>\n\t<meta name=\"twitter:data1\" content=\"9 minutos\" \/>\n<script type=\"application\/ld+json\" class=\"yoast-schema-graph\">{\"@context\":\"https:\/\/schema.org\",\"@graph\":[{\"@type\":\"WebPage\",\"@id\":\"https:\/\/umami-bellaterra.com\/es\/politica-de-cookies\/\",\"url\":\"https:\/\/umami-bellaterra.com\/es\/politica-de-cookies\/\",\"name\":\"Pol\u00edtica de Cookies | Restaurante Umami Bellaterra\",\"isPartOf\":{\"@id\":\"https:\/\/umami-bellaterra.com\/#website\"},\"datePublished\":\"2023-03-21T05:57:28+00:00\",\"dateModified\":\"2023-03-23T08:12:37+00:00\",\"description\":\"En esta web se utilizan cookies de terceros y propias para conseguir que tengas una mejor experiencia de navegaci\u00f3n, puedas compartir contenido en redes sociales y para que podamos obtener estad\u00edsticas de los usuarios.\",\"breadcrumb\":{\"@id\":\"https:\/\/umami-bellaterra.com\/es\/politica-de-cookies\/#breadcrumb\"},\"inLanguage\":\"es\",\"potentialAction\":[{\"@type\":\"ReadAction\",\"target\":[\"https:\/\/umami-bellaterra.com\/es\/politica-de-cookies\/\"]}]},{\"@type\":\"BreadcrumbList\",\"@id\":\"https:\/\/umami-bellaterra.com\/es\/politica-de-cookies\/#breadcrumb\",\"itemListElement\":[{\"@type\":\"ListItem\",\"position\":1,\"name\":\"Inici\",\"item\":\"https:\/\/umami-bellaterra.com\/es\/\"},{\"@type\":\"ListItem\",\"position\":2,\"name\":\"Pol\u00edtica de Cookies\"}]},{\"@type\":\"WebSite\",\"@id\":\"https:\/\/umami-bellaterra.com\/#website\",\"url\":\"https:\/\/umami-bellaterra.com\/\",\"name\":\"Umami Gastrobar | Restaurant Umami Bellaterra\",\"description\":\"Restaurante - Umami - Bellaterra - Gastrobar\",\"publisher\":{\"@id\":\"https:\/\/umami-bellaterra.com\/#organization\"},\"potentialAction\":[{\"@type\":\"SearchAction\",\"target\":{\"@type\":\"EntryPoint\",\"urlTemplate\":\"https:\/\/umami-bellaterra.com\/?s={search_term_string}\"},\"query-input\":\"required name=search_term_string\"}],\"inLanguage\":\"es\"},{\"@type\":\"Organization\",\"@id\":\"https:\/\/umami-bellaterra.com\/#organization\",\"name\":\"Umami Gastrobar\",\"url\":\"https:\/\/umami-bellaterra.com\/\",\"logo\":{\"@type\":\"ImageObject\",\"inLanguage\":\"es\",\"@id\":\"https:\/\/umami-bellaterra.com\/#\/schema\/logo\/image\/\",\"url\":\"https:\/\/umami-bellaterra.com\/wp-content\/uploads\/2021\/04\/umami-logo-512.gif\",\"contentUrl\":\"https:\/\/umami-bellaterra.com\/wp-content\/uploads\/2021\/04\/umami-logo-512.gif\",\"width\":512,\"height\":492,\"caption\":\"Umami Gastrobar\"},\"image\":{\"@id\":\"https:\/\/umami-bellaterra.com\/#\/schema\/logo\/image\/\"},\"sameAs\":[\"https:\/\/m.facebook.com\/people\/Umami-Bellaterra\/100068446772948\/\",\"https:\/\/www.instagram.com\/umamibellaterra\"]}]}<\/script>\n<!-- \/ Yoast SEO plugin. -->","yoast_head_json":{"title":"Pol\u00edtica de Cookies | Restaurante Umami Bellaterra","description":"En esta web se utilizan cookies de terceros y propias para conseguir que tengas una mejor experiencia de navegaci\u00f3n, puedas compartir contenido en redes sociales y para que podamos obtener estad\u00edsticas de los usuarios.","robots":{"index":"index","follow":"follow","max-snippet":"max-snippet:-1","max-image-preview":"max-image-preview:large","max-video-preview":"max-video-preview:-1"},"canonical":"https:\/\/umami-bellaterra.com\/es\/politica-de-cookies\/","og_locale":"es_ES","og_type":"article","og_title":"Pol\u00edtica de Cookies | Restaurante Umami Bellaterra","og_description":"En esta web se utilizan cookies de terceros y propias para conseguir que tengas una mejor experiencia de navegaci\u00f3n, puedas compartir contenido en redes sociales y para que podamos obtener estad\u00edsticas de los usuarios.","og_url":"https:\/\/umami-bellaterra.com\/es\/politica-de-cookies\/","og_site_name":"Restaurant - Umami - Bellaterra","article_publisher":"https:\/\/m.facebook.com\/people\/Umami-Bellaterra\/100068446772948\/","article_modified_time":"2023-03-23T08:12:37+00:00","twitter_card":"summary_large_image","twitter_misc":{"Tiempo de lectura":"9 minutos"},"schema":{"@context":"https:\/\/schema.org","@graph":[{"@type":"WebPage","@id":"https:\/\/umami-bellaterra.com\/es\/politica-de-cookies\/","url":"https:\/\/umami-bellaterra.com\/es\/politica-de-cookies\/","name":"Pol\u00edtica de Cookies | Restaurante Umami Bellaterra","isPartOf":{"@id":"https:\/\/umami-bellaterra.com\/#website"},"datePublished":"2023-03-21T05:57:28+00:00","dateModified":"2023-03-23T08:12:37+00:00","description":"En esta web se utilizan cookies de terceros y propias para conseguir que tengas una mejor experiencia de navegaci\u00f3n, puedas compartir contenido en redes sociales y para que podamos obtener estad\u00edsticas de los usuarios.","breadcrumb":{"@id":"https:\/\/umami-bellaterra.com\/es\/politica-de-cookies\/#breadcrumb"},"inLanguage":"es","potentialAction":[{"@type":"ReadAction","target":["https:\/\/umami-bellaterra.com\/es\/politica-de-cookies\/"]}]},{"@type":"BreadcrumbList","@id":"https:\/\/umami-bellaterra.com\/es\/politica-de-cookies\/#breadcrumb","itemListElement":[{"@type":"ListItem","position":1,"name":"Inici","item":"https:\/\/umami-bellaterra.com\/es\/"},{"@type":"ListItem","position":2,"name":"Pol\u00edtica de Cookies"}]},{"@type":"WebSite","@id":"https:\/\/umami-bellaterra.com\/#website","url":"https:\/\/umami-bellaterra.com\/","name":"Umami Gastrobar | Restaurant Umami Bellaterra","description":"Restaurante - Umami - Bellaterra - Gastrobar","publisher":{"@id":"https:\/\/umami-bellaterra.com\/#organization"},"potentialAction":[{"@type":"SearchAction","target":{"@type":"EntryPoint","urlTemplate":"https:\/\/umami-bellaterra.com\/?s={search_term_string}"},"query-input":"required name=search_term_string"}],"inLanguage":"es"},{"@type":"Organization","@id":"https:\/\/umami-bellaterra.com\/#organization","name":"Umami Gastrobar","url":"https:\/\/umami-bellaterra.com\/","logo":{"@type":"ImageObject","inLanguage":"es","@id":"https:\/\/umami-bellaterra.com\/#\/schema\/logo\/image\/","url":"https:\/\/umami-bellaterra.com\/wp-content\/uploads\/2021\/04\/umami-logo-512.gif","contentUrl":"https:\/\/umami-bellaterra.com\/wp-content\/uploads\/2021\/04\/umami-logo-512.gif","width":512,"height":492,"caption":"Umami Gastrobar"},"image":{"@id":"https:\/\/umami-bellaterra.com\/#\/schema\/logo\/image\/"},"sameAs":["https:\/\/m.facebook.com\/people\/Umami-Bellaterra\/100068446772948\/","https:\/\/www.instagram.com\/umamibellaterra"]}]}},"_links":{"self":[{"href":"https:\/\/umami-bellaterra.com\/es\/wp-json\/wp\/v2\/pages\/1896"}],"collection":[{"href":"https:\/\/umami-bellaterra.com\/es\/wp-json\/wp\/v2\/pages"}],"about":[{"href":"https:\/\/umami-bellaterra.com\/es\/wp-json\/wp\/v2\/types\/page"}],"author":[{"embeddable":true,"href":"https:\/\/umami-bellaterra.com\/es\/wp-json\/wp\/v2\/users\/5"}],"replies":[{"embeddable":true,"href":"https:\/\/umami-bellaterra.com\/es\/wp-json\/wp\/v2\/comments?post=1896"}],"version-history":[{"count":2,"href":"https:\/\/umami-bellaterra.com\/es\/wp-json\/wp\/v2\/pages\/1896\/revisions"}],"predecessor-version":[{"id":1899,"href":"https:\/\/umami-bellaterra.com\/es\/wp-json\/wp\/v2\/pages\/1896\/revisions\/1899"}],"wp:attachment":[{"href":"https:\/\/umami-bellaterra.com\/es\/wp-json\/wp\/v2\/media?parent=1896"}],"curies":[{"name":"wp","href":"https:\/\/api.w.org\/{rel}","templated":true}]}}