{"id":1884,"date":"2021-07-06T18:24:09","date_gmt":"2021-07-06T18:24:09","guid":{"rendered":"https:\/\/umami-bellaterra.com\/reserves-umami\/"},"modified":"2023-03-23T08:13:33","modified_gmt":"2023-03-23T08:13:33","slug":"reservas-umami","status":"publish","type":"page","link":"https:\/\/umami-bellaterra.com\/es\/reservas-umami\/","title":{"rendered":"Reservas"},"content":{"rendered":"<section class=\"wpb-content-wrapper\"><p>[vc_row][vc_column][vc_column_text]<\/p>\r\n<br \/><iframe loading=\"lazy\" id=\"restaurante-umami\" title=\"Reservas\" src=\"https:\/\/www.covermanager.com\/reserve\/module_restaurant\/restaurante-umami\/spanish\" width=\"100%\" height=\"550\" frameborder=\"0\"><\/iframe><br \/>\r\n<p>[\/vc_column_text][\/vc_column][\/vc_row]<\/p>\r\n<\/section>","protected":false},"excerpt":{"rendered":"<p>[vc_row][vc_column][vc_column_text] [\/vc_column_text][\/vc_column][\/vc_row]<\/p>\n","protected":false},"author":1,"featured_media":0,"parent":0,"menu_order":0,"comment_status":"closed","ping_status":"closed","template":"","meta":{"_joinchat":[]},"yoast_head":"<!-- This site is optimized with the Yoast SEO plugin v20.3 - https:\/\/yoast.com\/wordpress\/plugins\/seo\/ -->\n<title>Reservas | Restaurante Umami Bellaterra<\/title>\n<meta name=\"description\" content=\"Para reservar mesa con nosotros s\u00f3lo tienes que elegir d\u00eda, hora, n\u00famero de comensales y espere confirmaci\u00f3n de la reserva por correo\" \/>\n<meta name=\"robots\" content=\"index, follow, max-snippet:-1, max-image-preview:large, max-video-preview:-1\" \/>\n<link rel=\"canonical\" href=\"https:\/\/umami-bellaterra.com\/es\/reservas-umami\/\" \/>\n<meta property=\"og:locale\" content=\"es_ES\" \/>\n<meta property=\"og:type\" content=\"article\" \/>\n<meta property=\"og:title\" content=\"Reservas | Restaurante Umami Bellaterra\" \/>\n<meta property=\"og:description\" content=\"Para reservar mesa con nosotros s\u00f3lo tienes que elegir d\u00eda, hora, n\u00famero de comensales y espere confirmaci\u00f3n de la reserva por correo\" \/>\n<meta property=\"og:url\" content=\"https:\/\/umami-bellaterra.com\/es\/reservas-umami\/\" \/>\n<meta property=\"og:site_name\" content=\"Restaurant - Umami - Bellaterra\" \/>\n<meta property=\"article:publisher\" content=\"https:\/\/m.facebook.com\/people\/Umami-Bellaterra\/100068446772948\/\" \/>\n<meta property=\"article:modified_time\" content=\"2023-03-23T08:13:33+00:00\" \/>\n<meta name=\"twitter:card\" content=\"summary_large_image\" \/>\n<meta name=\"twitter:label1\" content=\"Tiempo de lectura\" \/>\n\t<meta name=\"twitter:data1\" content=\"1 minuto\" \/>\n<script type=\"application\/ld+json\" class=\"yoast-schema-graph\">{\"@context\":\"https:\/\/schema.org\",\"@graph\":[{\"@type\":\"WebPage\",\"@id\":\"https:\/\/umami-bellaterra.com\/es\/reservas-umami\/\",\"url\":\"https:\/\/umami-bellaterra.com\/es\/reservas-umami\/\",\"name\":\"Reservas | Restaurante Umami Bellaterra\",\"isPartOf\":{\"@id\":\"https:\/\/umami-bellaterra.com\/#website\"},\"datePublished\":\"2021-07-06T18:24:09+00:00\",\"dateModified\":\"2023-03-23T08:13:33+00:00\",\"description\":\"Para reservar mesa con nosotros s\u00f3lo tienes que elegir d\u00eda, hora, n\u00famero de comensales y espere confirmaci\u00f3n de la reserva por correo\",\"breadcrumb\":{\"@id\":\"https:\/\/umami-bellaterra.com\/es\/reservas-umami\/#breadcrumb\"},\"inLanguage\":\"es\",\"potentialAction\":[{\"@type\":\"ReadAction\",\"target\":[\"https:\/\/umami-bellaterra.com\/es\/reservas-umami\/\"]}]},{\"@type\":\"BreadcrumbList\",\"@id\":\"https:\/\/umami-bellaterra.com\/es\/reservas-umami\/#breadcrumb\",\"itemListElement\":[{\"@type\":\"ListItem\",\"position\":1,\"name\":\"Inici\",\"item\":\"https:\/\/umami-bellaterra.com\/es\/\"},{\"@type\":\"ListItem\",\"position\":2,\"name\":\"Reservas\"}]},{\"@type\":\"WebSite\",\"@id\":\"https:\/\/umami-bellaterra.com\/#website\",\"url\":\"https:\/\/umami-bellaterra.com\/\",\"name\":\"Umami Gastrobar | Restaurant Umami Bellaterra\",\"description\":\"Restaurante - Umami - Bellaterra - Gastrobar\",\"publisher\":{\"@id\":\"https:\/\/umami-bellaterra.com\/#organization\"},\"potentialAction\":[{\"@type\":\"SearchAction\",\"target\":{\"@type\":\"EntryPoint\",\"urlTemplate\":\"https:\/\/umami-bellaterra.com\/?s={search_term_string}\"},\"query-input\":\"required name=search_term_string\"}],\"inLanguage\":\"es\"},{\"@type\":\"Organization\",\"@id\":\"https:\/\/umami-bellaterra.com\/#organization\",\"name\":\"Umami Gastrobar\",\"url\":\"https:\/\/umami-bellaterra.com\/\",\"logo\":{\"@type\":\"ImageObject\",\"inLanguage\":\"es\",\"@id\":\"https:\/\/umami-bellaterra.com\/#\/schema\/logo\/image\/\",\"url\":\"https:\/\/umami-bellaterra.com\/wp-content\/uploads\/2021\/04\/umami-logo-512.gif\",\"contentUrl\":\"https:\/\/umami-bellaterra.com\/wp-content\/uploads\/2021\/04\/umami-logo-512.gif\",\"width\":512,\"height\":492,\"caption\":\"Umami Gastrobar\"},\"image\":{\"@id\":\"https:\/\/umami-bellaterra.com\/#\/schema\/logo\/image\/\"},\"sameAs\":[\"https:\/\/m.facebook.com\/people\/Umami-Bellaterra\/100068446772948\/\",\"https:\/\/www.instagram.com\/umamibellaterra\"]}]}<\/script>\n<!-- \/ Yoast SEO plugin. -->","yoast_head_json":{"title":"Reservas | Restaurante Umami Bellaterra","description":"Para reservar mesa con nosotros s\u00f3lo tienes que elegir d\u00eda, hora, n\u00famero de comensales y espere confirmaci\u00f3n de la reserva por correo","robots":{"index":"index","follow":"follow","max-snippet":"max-snippet:-1","max-image-preview":"max-image-preview:large","max-video-preview":"max-video-preview:-1"},"canonical":"https:\/\/umami-bellaterra.com\/es\/reservas-umami\/","og_locale":"es_ES","og_type":"article","og_title":"Reservas | Restaurante Umami Bellaterra","og_description":"Para reservar mesa con nosotros s\u00f3lo tienes que elegir d\u00eda, hora, n\u00famero de comensales y espere confirmaci\u00f3n de la reserva por correo","og_url":"https:\/\/umami-bellaterra.com\/es\/reservas-umami\/","og_site_name":"Restaurant - Umami - Bellaterra","article_publisher":"https:\/\/m.facebook.com\/people\/Umami-Bellaterra\/100068446772948\/","article_modified_time":"2023-03-23T08:13:33+00:00","twitter_card":"summary_large_image","twitter_misc":{"Tiempo de lectura":"1 minuto"},"schema":{"@context":"https:\/\/schema.org","@graph":[{"@type":"WebPage","@id":"https:\/\/umami-bellaterra.com\/es\/reservas-umami\/","url":"https:\/\/umami-bellaterra.com\/es\/reservas-umami\/","name":"Reservas | Restaurante Umami Bellaterra","isPartOf":{"@id":"https:\/\/umami-bellaterra.com\/#website"},"datePublished":"2021-07-06T18:24:09+00:00","dateModified":"2023-03-23T08:13:33+00:00","description":"Para reservar mesa con nosotros s\u00f3lo tienes que elegir d\u00eda, hora, n\u00famero de comensales y espere confirmaci\u00f3n de la reserva por correo","breadcrumb":{"@id":"https:\/\/umami-bellaterra.com\/es\/reservas-umami\/#breadcrumb"},"inLanguage":"es","potentialAction":[{"@type":"ReadAction","target":["https:\/\/umami-bellaterra.com\/es\/reservas-umami\/"]}]},{"@type":"BreadcrumbList","@id":"https:\/\/umami-bellaterra.com\/es\/reservas-umami\/#breadcrumb","itemListElement":[{"@type":"ListItem","position":1,"name":"Inici","item":"https:\/\/umami-bellaterra.com\/es\/"},{"@type":"ListItem","position":2,"name":"Reservas"}]},{"@type":"WebSite","@id":"https:\/\/umami-bellaterra.com\/#website","url":"https:\/\/umami-bellaterra.com\/","name":"Umami Gastrobar | Restaurant Umami Bellaterra","description":"Restaurante - Umami - Bellaterra - Gastrobar","publisher":{"@id":"https:\/\/umami-bellaterra.com\/#organization"},"potentialAction":[{"@type":"SearchAction","target":{"@type":"EntryPoint","urlTemplate":"https:\/\/umami-bellaterra.com\/?s={search_term_string}"},"query-input":"required name=search_term_string"}],"inLanguage":"es"},{"@type":"Organization","@id":"https:\/\/umami-bellaterra.com\/#organization","name":"Umami Gastrobar","url":"https:\/\/umami-bellaterra.com\/","logo":{"@type":"ImageObject","inLanguage":"es","@id":"https:\/\/umami-bellaterra.com\/#\/schema\/logo\/image\/","url":"https:\/\/umami-bellaterra.com\/wp-content\/uploads\/2021\/04\/umami-logo-512.gif","contentUrl":"https:\/\/umami-bellaterra.com\/wp-content\/uploads\/2021\/04\/umami-logo-512.gif","width":512,"height":492,"caption":"Umami Gastrobar"},"image":{"@id":"https:\/\/umami-bellaterra.com\/#\/schema\/logo\/image\/"},"sameAs":["https:\/\/m.facebook.com\/people\/Umami-Bellaterra\/100068446772948\/","https:\/\/www.instagram.com\/umamibellaterra"]}]}},"_links":{"self":[{"href":"https:\/\/umami-bellaterra.com\/es\/wp-json\/wp\/v2\/pages\/1884"}],"collection":[{"href":"https:\/\/umami-bellaterra.com\/es\/wp-json\/wp\/v2\/pages"}],"about":[{"href":"https:\/\/umami-bellaterra.com\/es\/wp-json\/wp\/v2\/types\/page"}],"author":[{"embeddable":true,"href":"https:\/\/umami-bellaterra.com\/es\/wp-json\/wp\/v2\/users\/1"}],"replies":[{"embeddable":true,"href":"https:\/\/umami-bellaterra.com\/es\/wp-json\/wp\/v2\/comments?post=1884"}],"version-history":[{"count":2,"href":"https:\/\/umami-bellaterra.com\/es\/wp-json\/wp\/v2\/pages\/1884\/revisions"}],"predecessor-version":[{"id":1889,"href":"https:\/\/umami-bellaterra.com\/es\/wp-json\/wp\/v2\/pages\/1884\/revisions\/1889"}],"wp:attachment":[{"href":"https:\/\/umami-bellaterra.com\/es\/wp-json\/wp\/v2\/media?parent=1884"}],"curies":[{"name":"wp","href":"https:\/\/api.w.org\/{rel}","templated":true}]}}